{"id":9715,"date":"2021-09-08T09:16:07","date_gmt":"2021-09-08T09:16:07","guid":{"rendered":"https:\/\/devechoaudidev.wpenginepowered.com\/?page_id=9715"},"modified":"2025-11-03T06:24:52","modified_gmt":"2025-11-03T12:24:52","slug":"careers","status":"publish","type":"page","link":"https:\/\/www.echoaudiology.com\/fr\/careers\/","title":{"rendered":"Carri\u00e8res"},"content":{"rendered":"\n<div class=\"wp-block-group Banner-Section\"><div class=\"wp-block-group__inner-container is-layout-constrained wp-block-group-is-layout-constrained\">\n<div class=\"wp-block-columns banner-column-outer is-layout-flex wp-container-core-columns-is-layout-9d6595d7 wp-block-columns-is-layout-flex\">\n<div class=\"wp-block-column is-vertically-aligned-stretch col-form-right page-title has-background is-layout-flow wp-block-column-is-layout-flow\" style=\"background-color:#02b1e5\">\n<div class=\"wp-block-group text-with-icon\"><div class=\"wp-block-group__inner-container is-layout-constrained wp-block-group-is-layout-constrained\">\n<h1 class=\"wp-block-heading has-text-align-center h1 has-white-color has-text-color has-link-color wp-elements-e53bc0a55bd620c970bf5a547eb06c09\">Carri\u00e8res<\/h1>\n<\/div><\/div>\n<\/div>\n<\/div>\n<\/div><\/div>\n\n\n\n<div class=\"wp-block-group container has-space\"><div class=\"wp-block-group__inner-container is-layout-flow wp-block-group-is-layout-flow\">\n<p class=\"has-text-align-center\">Vous \u00eates int\u00e9ress\u00e9s \u00e0 joindre notre \u00e9quipe? Vous avez des qualifications dont la clinique ou nos patients peuvent b\u00e9n\u00e9ficier? Veuillez soumettre votre lettre d\u2019int\u00e9r\u00eat et votre curriculum vitae \u00e0 <a href=\"mailto:info@echoaudiology.com\">info@echoaudiology.com<\/a><\/p>\n\n\n\n<p class=\"has-text-align-center\">Int\u00e9ress\u00e9 \u00e0 faire du b\u00e9n\u00e9volat dans notre clinique ? Nous avons parfois des postes disponibles pour aider nos audiologistes avec les \u00e9valuations p\u00e9diatriques. N&rsquo;h\u00e9sitez pas \u00e0 envoyer votre lettre d&rsquo;int\u00e9r\u00eat et votre CV \u00e0&nbsp;<a href=\"mailto:info@echoaudiology.com\">info@echoaudiology.com<\/a>.<\/p>\n<\/div><\/div>\n\n\n\n<div class=\"wp-block-group has-space container\"><div class=\"wp-block-group__inner-container is-layout-flow wp-block-group-is-layout-flow\"><\/div><\/div>\n","protected":false},"excerpt":{"rendered":"<p>Carri\u00e8res Vous \u00eates int\u00e9ress\u00e9s \u00e0 joindre notre \u00e9quipe? Vous avez des qualifications dont la clinique ou nos patients peuvent b\u00e9n\u00e9ficier? Veuillez soumettre votre lettre d\u2019int\u00e9r\u00eat et votre curriculum vitae \u00e0 info@echoaudiology.com Int\u00e9ress\u00e9 \u00e0 faire du b\u00e9n\u00e9volat dans notre clinique ? Nous avons parfois des postes disponibles pour aider nos audiologistes avec les \u00e9valuations p\u00e9diatriques. N&rsquo;h\u00e9sitez<\/p>\n","protected":false},"author":1,"featured_media":0,"parent":0,"menu_order":0,"comment_status":"closed","ping_status":"closed","template":"page-templates\/fullwidthpage.php","meta":{"_acf_changed":false,"footnotes":""},"class_list":["post-9715","page","type-page","status-publish","hentry"],"acf":[],"yoast_head":"<!-- This site is optimized with the Yoast SEO plugin v27.3 - https:\/\/yoast.com\/product\/yoast-seo-wordpress\/ -->\n<title>Carri\u00e8res chez Echo Audiology \u2013 Joignez-vous \u00e0 notre \u00e9quipe de soins auditifs \u00e0 Orl\u00e9ans<\/title>\n<meta name=\"description\" content=\"Carri\u00e8res en audiologie. Rejoignez l&#039;\u00e9quipe passionn\u00e9e d&#039;Echo Audiology.\" \/>\n<meta name=\"robots\" content=\"index, follow, max-snippet:-1, max-image-preview:large, max-video-preview:-1\" \/>\n<link rel=\"canonical\" href=\"https:\/\/www.echoaudiology.com\/fr\/careers\/\" \/>\n<script type=\"application\/ld+json\" class=\"yoast-schema-graph\">{\"@context\":\"https:\\\/\\\/schema.org\",\"@graph\":[{\"@type\":\"WebPage\",\"@id\":\"https:\\\/\\\/www.echoaudiology.com\\\/fr\\\/careers\\\/\",\"url\":\"https:\\\/\\\/www.echoaudiology.com\\\/fr\\\/careers\\\/\",\"name\":\"Carri\u00e8res chez Echo Audiology \u2013 Joignez-vous \u00e0 notre \u00e9quipe de soins auditifs \u00e0 Orl\u00e9ans\",\"isPartOf\":{\"@id\":\"https:\\\/\\\/www.echoaudiology.com\\\/fr\\\/#website\"},\"datePublished\":\"2021-09-08T09:16:07+00:00\",\"dateModified\":\"2025-11-03T12:24:52+00:00\",\"description\":\"Carri\u00e8res en audiologie. Rejoignez l'\u00e9quipe passionn\u00e9e d'Echo Audiology.\",\"breadcrumb\":{\"@id\":\"https:\\\/\\\/www.echoaudiology.com\\\/fr\\\/careers\\\/#breadcrumb\"},\"inLanguage\":\"fr-FR\",\"potentialAction\":[{\"@type\":\"ReadAction\",\"target\":[\"https:\\\/\\\/www.echoaudiology.com\\\/fr\\\/careers\\\/\"]}]},{\"@type\":\"BreadcrumbList\",\"@id\":\"https:\\\/\\\/www.echoaudiology.com\\\/fr\\\/careers\\\/#breadcrumb\",\"itemListElement\":[{\"@type\":\"ListItem\",\"position\":1,\"name\":\"Home\",\"item\":\"https:\\\/\\\/www.echoaudiology.com\\\/fr\\\/\"},{\"@type\":\"ListItem\",\"position\":2,\"name\":\"Carri\u00e8res\"}]},{\"@type\":\"WebSite\",\"@id\":\"https:\\\/\\\/www.echoaudiology.com\\\/fr\\\/#website\",\"url\":\"https:\\\/\\\/www.echoaudiology.com\\\/fr\\\/\",\"name\":\"Echo Audiology\",\"description\":\"Rediscover your hearing\",\"publisher\":{\"@id\":\"https:\\\/\\\/www.echoaudiology.com\\\/fr\\\/#organization\"},\"potentialAction\":[{\"@type\":\"SearchAction\",\"target\":{\"@type\":\"EntryPoint\",\"urlTemplate\":\"https:\\\/\\\/www.echoaudiology.com\\\/fr\\\/?s={search_term_string}\"},\"query-input\":{\"@type\":\"PropertyValueSpecification\",\"valueRequired\":true,\"valueName\":\"search_term_string\"}}],\"inLanguage\":\"fr-FR\"},{\"@type\":\"Organization\",\"@id\":\"https:\\\/\\\/www.echoaudiology.com\\\/fr\\\/#organization\",\"name\":\"Echo Audiology\",\"url\":\"https:\\\/\\\/www.echoaudiology.com\\\/fr\\\/\",\"logo\":{\"@type\":\"ImageObject\",\"inLanguage\":\"fr-FR\",\"@id\":\"https:\\\/\\\/www.echoaudiology.com\\\/fr\\\/#\\\/schema\\\/logo\\\/image\\\/\",\"url\":\"https:\\\/\\\/www.echoaudiology.com\\\/wp-content\\\/uploads\\\/2021\\\/08\\\/EchoAudio-Logo-1.png\",\"contentUrl\":\"https:\\\/\\\/www.echoaudiology.com\\\/wp-content\\\/uploads\\\/2021\\\/08\\\/EchoAudio-Logo-1.png\",\"width\":372,\"height\":88,\"caption\":\"Echo Audiology\"},\"image\":{\"@id\":\"https:\\\/\\\/www.echoaudiology.com\\\/fr\\\/#\\\/schema\\\/logo\\\/image\\\/\"}}]}<\/script>\n<!-- \/ Yoast SEO plugin. -->","yoast_head_json":{"title":"Carri\u00e8res chez Echo Audiology \u2013 Joignez-vous \u00e0 notre \u00e9quipe de soins auditifs \u00e0 Orl\u00e9ans","description":"Carri\u00e8res en audiologie. Rejoignez l'\u00e9quipe passionn\u00e9e d'Echo Audiology.","robots":{"index":"index","follow":"follow","max-snippet":"max-snippet:-1","max-image-preview":"max-image-preview:large","max-video-preview":"max-video-preview:-1"},"canonical":"https:\/\/www.echoaudiology.com\/fr\/careers\/","schema":{"@context":"https:\/\/schema.org","@graph":[{"@type":"WebPage","@id":"https:\/\/www.echoaudiology.com\/fr\/careers\/","url":"https:\/\/www.echoaudiology.com\/fr\/careers\/","name":"Carri\u00e8res chez Echo Audiology \u2013 Joignez-vous \u00e0 notre \u00e9quipe de soins auditifs \u00e0 Orl\u00e9ans","isPartOf":{"@id":"https:\/\/www.echoaudiology.com\/fr\/#website"},"datePublished":"2021-09-08T09:16:07+00:00","dateModified":"2025-11-03T12:24:52+00:00","description":"Carri\u00e8res en audiologie. Rejoignez l'\u00e9quipe passionn\u00e9e d'Echo Audiology.","breadcrumb":{"@id":"https:\/\/www.echoaudiology.com\/fr\/careers\/#breadcrumb"},"inLanguage":"fr-FR","potentialAction":[{"@type":"ReadAction","target":["https:\/\/www.echoaudiology.com\/fr\/careers\/"]}]},{"@type":"BreadcrumbList","@id":"https:\/\/www.echoaudiology.com\/fr\/careers\/#breadcrumb","itemListElement":[{"@type":"ListItem","position":1,"name":"Home","item":"https:\/\/www.echoaudiology.com\/fr\/"},{"@type":"ListItem","position":2,"name":"Carri\u00e8res"}]},{"@type":"WebSite","@id":"https:\/\/www.echoaudiology.com\/fr\/#website","url":"https:\/\/www.echoaudiology.com\/fr\/","name":"Echo Audiology","description":"Rediscover your hearing","publisher":{"@id":"https:\/\/www.echoaudiology.com\/fr\/#organization"},"potentialAction":[{"@type":"SearchAction","target":{"@type":"EntryPoint","urlTemplate":"https:\/\/www.echoaudiology.com\/fr\/?s={search_term_string}"},"query-input":{"@type":"PropertyValueSpecification","valueRequired":true,"valueName":"search_term_string"}}],"inLanguage":"fr-FR"},{"@type":"Organization","@id":"https:\/\/www.echoaudiology.com\/fr\/#organization","name":"Echo Audiology","url":"https:\/\/www.echoaudiology.com\/fr\/","logo":{"@type":"ImageObject","inLanguage":"fr-FR","@id":"https:\/\/www.echoaudiology.com\/fr\/#\/schema\/logo\/image\/","url":"https:\/\/www.echoaudiology.com\/wp-content\/uploads\/2021\/08\/EchoAudio-Logo-1.png","contentUrl":"https:\/\/www.echoaudiology.com\/wp-content\/uploads\/2021\/08\/EchoAudio-Logo-1.png","width":372,"height":88,"caption":"Echo Audiology"},"image":{"@id":"https:\/\/www.echoaudiology.com\/fr\/#\/schema\/logo\/image\/"}}]}},"_links":{"self":[{"href":"https:\/\/www.echoaudiology.com\/fr\/wp-json\/wp\/v2\/pages\/9715","targetHints":{"allow":["GET"]}}],"collection":[{"href":"https:\/\/www.echoaudiology.com\/fr\/wp-json\/wp\/v2\/pages"}],"about":[{"href":"https:\/\/www.echoaudiology.com\/fr\/wp-json\/wp\/v2\/types\/page"}],"author":[{"embeddable":true,"href":"https:\/\/www.echoaudiology.com\/fr\/wp-json\/wp\/v2\/users\/1"}],"replies":[{"embeddable":true,"href":"https:\/\/www.echoaudiology.com\/fr\/wp-json\/wp\/v2\/comments?post=9715"}],"version-history":[{"count":0,"href":"https:\/\/www.echoaudiology.com\/fr\/wp-json\/wp\/v2\/pages\/9715\/revisions"}],"wp:attachment":[{"href":"https:\/\/www.echoaudiology.com\/fr\/wp-json\/wp\/v2\/media?parent=9715"}],"curies":[{"name":"wp","href":"https:\/\/api.w.org\/{rel}","templated":true}]}}