{"id":9451,"date":"2021-09-01T11:17:56","date_gmt":"2021-09-01T11:17:56","guid":{"rendered":"https:\/\/devechoaudidev.wpenginepowered.com\/?page_id=9451"},"modified":"2026-02-25T00:49:29","modified_gmt":"2026-02-25T06:49:29","slug":"nous-joindre","status":"publish","type":"page","link":"https:\/\/www.echoaudiology.com\/fr\/nous-joindre\/","title":{"rendered":"Nous joindre"},"content":{"rendered":"\n<div class=\"wp-block-group Banner-Section\"><div class=\"wp-block-group__inner-container is-layout-constrained wp-block-group-is-layout-constrained\">\n<div class=\"wp-block-columns banner-column-outer is-layout-flex wp-container-core-columns-is-layout-9d6595d7 wp-block-columns-is-layout-flex\">\n<div class=\"wp-block-column is-vertically-aligned-stretch col-form-right page-title has-background is-layout-flow wp-block-column-is-layout-flow\" style=\"background-color:#02b1e5\">\n<div class=\"wp-block-group text-with-icon\"><div class=\"wp-block-group__inner-container is-layout-constrained wp-block-group-is-layout-constrained\">\n<h1 class=\"wp-block-heading has-text-align-center h1 has-white-color has-text-color has-link-color wp-elements-56e69215fb8a1e25bf15898519c243b0\">Nous joindre<\/h1>\n<\/div><\/div>\n<\/div>\n<\/div>\n<\/div><\/div>\n\n\n\n<div class=\"wp-block-group Assessment-banner\"><div class=\"wp-block-group__inner-container is-layout-constrained wp-block-group-is-layout-constrained\">\n<div class=\"wp-block-columns is-layout-flex wp-container-core-columns-is-layout-9d6595d7 wp-block-columns-is-layout-flex\">\n<div class=\"wp-block-column is-vertically-aligned-center is-layout-flow wp-block-column-is-layout-flow\" style=\"flex-basis:50%\">\n<p>N\u2019h\u00e9sitez pas \u00e0 nous contacter si vous souhaiter prendre un rendez-vous ou vous avez des questions. Il nous fera plaisir de vous aider!<\/p>\n<\/div>\n\n\n\n<div class=\"wp-block-column is-vertically-aligned-stretch is-layout-flow wp-block-column-is-layout-flow\" style=\"flex-basis:50%\">\n<figure class=\"wp-block-image size-large\"><img decoding=\"async\" width=\"1024\" height=\"397\" src=\"https:\/\/www.echoaudiology.com\/wp-content\/uploads\/2025\/10\/boy-1024x397.png\" alt=\"\" class=\"wp-image-13242\" srcset=\"https:\/\/www.echoaudiology.com\/wp-content\/uploads\/2025\/10\/boy-1024x397.png 1024w, https:\/\/www.echoaudiology.com\/wp-content\/uploads\/2025\/10\/boy-300x116.png 300w, https:\/\/www.echoaudiology.com\/wp-content\/uploads\/2025\/10\/boy-768x298.png 768w, https:\/\/www.echoaudiology.com\/wp-content\/uploads\/2025\/10\/boy-1536x596.png 1536w, https:\/\/www.echoaudiology.com\/wp-content\/uploads\/2025\/10\/boy.png 2047w\" sizes=\"(max-width: 1024px) 100vw, 1024px\" \/><\/figure>\n<\/div>\n<\/div>\n<\/div><\/div>\n\n\n\n<div class=\"wp-block-group section-addresses\"><div class=\"wp-block-group__inner-container is-layout-flow wp-block-group-is-layout-flow\">\n<div class=\"wp-block-columns are-vertically-aligned-center container is-layout-flex wp-container-core-columns-is-layout-9d6595d7 wp-block-columns-is-layout-flex\">\n<div class=\"wp-block-column is-vertically-aligned-center is-layout-flow wp-block-column-is-layout-flow\" style=\"flex-basis:30%\">\n<div class=\"wp-block-group bg-primary addresses has-background\" style=\"background-color:#00b1e4\"><div class=\"wp-block-group__inner-container is-layout-flow wp-block-group-is-layout-flow\">\n<h3 class=\"wp-block-heading font-white\">D\u00e9tails du contact<\/h3>\n\n\n\n<div class=\"address icon\">373 Vantage Drive, Unit 1<br>\nOrl\u00e9ans, ON, K4A 3W2<\/div>\n<div class=\"phone icon\"><span><a href=\"tel:613-841-3033\">613-841-3033<\/a><\/span><span><i class=\"fa fa-print\" aria-hidden=\"true\"><\/i><a>613-319-3611<\/a><\/span><\/div>\n<div class=\"email icon\"><a href=\"mailto:info@echoaudiology.com\">info@echoaudiology.com<\/a><\/div>\n\n\n\n<h3 class=\"wp-block-heading font-white\">Heures de travail<\/h3>\n\n\n\n<div class=\"timing icon\"><p>Lun-Mar: 9 &#8211; 6<br \/> Mer-Jeu: 9- 5<br \/> Ven: 9 &#8211; 12<\/p>\n<\/div>\n<\/div><\/div>\n<\/div>\n\n\n\n<div class=\"wp-block-column is-vertically-aligned-center is-layout-flow wp-block-column-is-layout-flow\">\n<div class=\"wp-block-group bg-secondry contact-form has-background\" style=\"background-color:#495965\"><div class=\"wp-block-group__inner-container is-layout-flow wp-block-group-is-layout-flow\">\n<div class=\"wpcf7 no-js\" id=\"wpcf7-f9324-o1\" lang=\"en-US\" dir=\"ltr\" data-wpcf7-id=\"9324\">\n<div class=\"screen-reader-response\"><p role=\"status\" aria-live=\"polite\" aria-atomic=\"true\"><\/p> <ul><\/ul><\/div>\n<form action=\"\/fr\/wp-json\/wp\/v2\/pages\/9451#wpcf7-f9324-o1\" method=\"post\" class=\"wpcf7-form init\" aria-label=\"Contact form\" novalidate=\"novalidate\" data-status=\"init\">\n<fieldset class=\"hidden-fields-container\"><input type=\"hidden\" name=\"_wpcf7\" value=\"9324\" \/><input type=\"hidden\" name=\"_wpcf7_version\" value=\"6.1.5\" \/><input type=\"hidden\" name=\"_wpcf7_locale\" value=\"en_US\" \/><input type=\"hidden\" name=\"_wpcf7_unit_tag\" value=\"wpcf7-f9324-o1\" \/><input type=\"hidden\" name=\"_wpcf7_container_post\" value=\"0\" \/><input type=\"hidden\" name=\"_wpcf7_posted_data_hash\" value=\"\" \/><input type=\"hidden\" name=\"_wpcf7_recaptcha_response\" value=\"\" \/>\n<\/fieldset>\n<div class=\"row\">\n\t<div class=\"col-md-6\">\n\t\t<p><span class=\"wpcf7-form-control-wrap\" data-name=\"full-name\"><input size=\"40\" maxlength=\"400\" class=\"wpcf7-form-control wpcf7-text wpcf7-validates-as-required\" aria-required=\"true\" aria-invalid=\"false\" placeholder=\"Nom\" value=\"\" type=\"text\" name=\"full-name\" \/><\/span>\n\t\t<\/p>\n\t<\/div>\n\t<div class=\"col-md-6\">\n\t\t<p><span class=\"wpcf7-form-control-wrap\" data-name=\"phone\"><input size=\"40\" maxlength=\"400\" class=\"wpcf7-form-control wpcf7-tel wpcf7-validates-as-required wpcf7-text wpcf7-validates-as-tel\" aria-required=\"true\" aria-invalid=\"false\" placeholder=\"T\u00e9l\u00e9phone\" value=\"\" type=\"tel\" name=\"phone\" \/><\/span>\n\t\t<\/p>\n\t<\/div>\n<\/div>\n<div class=\"row\">\n\t<div class=\"col-md-6\">\n\t\t<p><span class=\"wpcf7-form-control-wrap\" data-name=\"email-address\"><input size=\"40\" maxlength=\"400\" class=\"wpcf7-form-control wpcf7-email wpcf7-validates-as-required wpcf7-text wpcf7-validates-as-email\" aria-required=\"true\" aria-invalid=\"false\" placeholder=\"Courriel\" value=\"\" type=\"email\" name=\"email-address\" \/><\/span>\n\t\t<\/p>\n\t<\/div>\n\t<div class=\"col-md-6\">\n\t\t<p><span class=\"wpcf7-form-control-wrap\" data-name=\"services\"><select class=\"wpcf7-form-control wpcf7-select wpcf7-validates-as-required\" aria-required=\"true\" aria-invalid=\"false\" name=\"services\"><option value=\"\">Services<\/option><option value=\"\u00c9valuations auditives pour enfants\">\u00c9valuations auditives pour enfants<\/option><option value=\"\u00c9valuations auditives pour adultes\">\u00c9valuations auditives pour adultes<\/option><option value=\"Appareils auditifs\">Appareils auditifs<\/option><option value=\"Acouph\u00e8ne (Tinnitus)\">Acouph\u00e8ne (Tinnitus)<\/option><option value=\"Consultation de l&#039;oreille &amp; retrait de cire\">Consultation de l&#039;oreille &amp; retrait de cire<\/option><option value=\"Consultation pour embouts et protection auditive\">Consultation pour embouts et protection auditive<\/option><option value=\"Autre\">Autre<\/option><\/select><\/span>\n\t\t<\/p>\n\t<\/div>\n<\/div>\n<div class=\"row\">\n\t<div class=\"col-md-12\">\n\t\t<p><span class=\"wpcf7-form-control-wrap\" data-name=\"message\"><textarea cols=\"40\" rows=\"10\" maxlength=\"2000\" class=\"wpcf7-form-control wpcf7-textarea\" aria-invalid=\"false\" placeholder=\"Message\" name=\"message\"><\/textarea><\/span>\n\t\t<\/p>\n\t<\/div>\n<\/div>\n<div class=\"text-center\">\n\t<p><input class=\"wpcf7-form-control wpcf7-submit has-spinner button btn btn-secondry\" type=\"submit\" value=\"Envoyer\" \/>\n\t<\/p>\n<\/div><p style=\"display: none !important;\" class=\"akismet-fields-container\" data-prefix=\"_wpcf7_ak_\"><label>&#916;<textarea name=\"_wpcf7_ak_hp_textarea\" cols=\"45\" rows=\"8\" maxlength=\"100\"><\/textarea><\/label><input type=\"hidden\" id=\"ak_js_1\" name=\"_wpcf7_ak_js\" value=\"243\"\/><script>document.getElementById( \"ak_js_1\" ).setAttribute( \"value\", ( new Date() ).getTime() );<\/script><\/p><div class=\"wpcf7-response-output\" aria-hidden=\"true\"><\/div>\n<\/form>\n<\/div>\n\n<\/div><\/div>\n<\/div>\n<\/div>\n<\/div><\/div>\n\n\n\n<div class=\"wp-block-group section-map has-space-top\"><div class=\"wp-block-group__inner-container is-layout-flow wp-block-group-is-layout-flow\">\n<iframe src=\"https:\/\/www.google.com\/maps\/embed?pb=!1m18!1m12!1m3!1d174.90818311809574!2d-75.49013234530452!3d45.45910771498506!2m3!1f0!2f0!3f0!3m2!1i1024!2i768!4f13.1!3m3!1m2!1s0x4cce1246a9359a61%3A0xf7be3d6e0432652d!2sEcho%20Audiology!5e0!3m2!1sen!2sca!4v1631780787839!5m2!1sen!2sca\" width=\"100%\" height=\"300\" style=\"border:0;\" allowfullscreen=\"\" loading=\"lazy\"><\/iframe>\n<\/div><\/div>\n\n\n\n<div style=\"height:40px\" aria-hidden=\"true\" class=\"wp-block-spacer\"><\/div>\n\n\n\n<div class=\"wp-block-group\"><div class=\"wp-block-group__inner-container is-layout-constrained wp-block-group-is-layout-constrained\">\n<div class=\"wp-block-group has-space-bottom container\"><div class=\"wp-block-group__inner-container is-layout-flow wp-block-group-is-layout-flow\">\n<h2 class=\"wp-block-heading has-text-align-center font-primary physician-form\">Formulaires pour m\u00e9decin<\/h2>\n\n\n\n<p>Une r\u00e9f\u00e9rence m\u00e9dicale n\u2019est pas requise afin de prendre un rendez-vous. Cependant, nous avons tout de m\u00eame d\u00e9velopp\u00e9 un formulaire qui peut \u00eatre utilis\u00e9 afin de r\u00e9f\u00e9rer des Patients, dans lequel on retrouve aussi la liste de nos services. Si vous souhaitez r\u00e9f\u00e9rer un patient \u00e0 l\u2019aide de notre document, veuillez le t\u00e9l\u00e9charger ci-bas.<\/p>\n\n\n\n<div class=\"wp-block-columns is-layout-flex wp-container-core-columns-is-layout-9d6595d7 wp-block-columns-is-layout-flex\">\n<div class=\"wp-block-column is-layout-flow wp-block-column-is-layout-flow\"><\/div>\n\n\n\n<div class=\"wp-block-column is-layout-flow wp-block-column-is-layout-flow\">\n<div class=\"wp-block-group custom-button new referral-button\"><div class=\"wp-block-group__inner-container is-layout-flow wp-block-group-is-layout-flow\">\n<h3 class=\"wp-block-heading has-text-align-center referral-form\" id=\"frcolor\"><a href=\"https:\/\/www.echoaudiology.com\/wp-content\/uploads\/2026\/02\/Echo-Audiology-Referral-Form.2026.pdf\" target=\"_blank\" rel=\"noreferrer noopener\">Formulaire de r\u00e9f\u00e9rence chez Echo Audiology <\/a><\/h3>\n<\/div><\/div>\n<\/div>\n\n\n\n<div class=\"wp-block-column is-layout-flow wp-block-column-is-layout-flow\"><\/div>\n<\/div>\n<\/div><\/div>\n<\/div><\/div>\n\n\n\n<p><\/p>\n","protected":false},"excerpt":{"rendered":"<p>Nous joindre N\u2019h\u00e9sitez pas \u00e0 nous contacter si vous souhaiter prendre un rendez-vous ou vous avez des questions. Il nous fera plaisir de vous aider! D\u00e9tails du contact 613-319-3611 Heures de travail Formulaires pour m\u00e9decin Une r\u00e9f\u00e9rence m\u00e9dicale n\u2019est pas requise afin de prendre un rendez-vous. Cependant, nous avons tout de m\u00eame d\u00e9velopp\u00e9 un formulaire<\/p>\n","protected":false},"author":1,"featured_media":0,"parent":0,"menu_order":0,"comment_status":"closed","ping_status":"closed","template":"page-templates\/fullwidthpage.php","meta":{"_acf_changed":false,"footnotes":""},"class_list":["post-9451","page","type-page","status-publish","hentry"],"acf":[],"yoast_head":"<!-- This site is optimized with the Yoast SEO plugin v27.3 - https:\/\/yoast.com\/product\/yoast-seo-wordpress\/ -->\n<title>Contactez votre Audiologiste | Echo Audiology Montr\u00e9al<\/title>\n<meta name=\"description\" content=\"Contactez votre audiologiste \u00e0 Montr\u00e9al chez Echo Audiology pour une \u00e9valuation auditive, des conseils personnalis\u00e9s et des soins professionnels.\" \/>\n<meta name=\"robots\" content=\"index, follow, max-snippet:-1, max-image-preview:large, max-video-preview:-1\" \/>\n<link rel=\"canonical\" href=\"https:\/\/www.echoaudiology.com\/fr\/nous-joindre\/\" \/>\n<script type=\"application\/ld+json\" class=\"yoast-schema-graph\">{\"@context\":\"https:\\\/\\\/schema.org\",\"@graph\":[{\"@type\":\"WebPage\",\"@id\":\"https:\\\/\\\/www.echoaudiology.com\\\/fr\\\/nous-joindre\\\/\",\"url\":\"https:\\\/\\\/www.echoaudiology.com\\\/fr\\\/nous-joindre\\\/\",\"name\":\"Contactez votre Audiologiste | Echo Audiology Montr\u00e9al\",\"isPartOf\":{\"@id\":\"https:\\\/\\\/www.echoaudiology.com\\\/fr\\\/#website\"},\"primaryImageOfPage\":{\"@id\":\"https:\\\/\\\/www.echoaudiology.com\\\/fr\\\/nous-joindre\\\/#primaryimage\"},\"image\":{\"@id\":\"https:\\\/\\\/www.echoaudiology.com\\\/fr\\\/nous-joindre\\\/#primaryimage\"},\"thumbnailUrl\":\"https:\\\/\\\/www.echoaudiology.com\\\/wp-content\\\/uploads\\\/2025\\\/10\\\/boy-1024x397.png\",\"datePublished\":\"2021-09-01T11:17:56+00:00\",\"dateModified\":\"2026-02-25T06:49:29+00:00\",\"description\":\"Contactez votre audiologiste \u00e0 Montr\u00e9al chez Echo Audiology pour une \u00e9valuation auditive, des conseils personnalis\u00e9s et des soins professionnels.\",\"breadcrumb\":{\"@id\":\"https:\\\/\\\/www.echoaudiology.com\\\/fr\\\/nous-joindre\\\/#breadcrumb\"},\"inLanguage\":\"fr-FR\",\"potentialAction\":[{\"@type\":\"ReadAction\",\"target\":[\"https:\\\/\\\/www.echoaudiology.com\\\/fr\\\/nous-joindre\\\/\"]}]},{\"@type\":\"ImageObject\",\"inLanguage\":\"fr-FR\",\"@id\":\"https:\\\/\\\/www.echoaudiology.com\\\/fr\\\/nous-joindre\\\/#primaryimage\",\"url\":\"https:\\\/\\\/www.echoaudiology.com\\\/wp-content\\\/uploads\\\/2025\\\/10\\\/boy-1024x397.png\",\"contentUrl\":\"https:\\\/\\\/www.echoaudiology.com\\\/wp-content\\\/uploads\\\/2025\\\/10\\\/boy-1024x397.png\"},{\"@type\":\"BreadcrumbList\",\"@id\":\"https:\\\/\\\/www.echoaudiology.com\\\/fr\\\/nous-joindre\\\/#breadcrumb\",\"itemListElement\":[{\"@type\":\"ListItem\",\"position\":1,\"name\":\"Home\",\"item\":\"https:\\\/\\\/www.echoaudiology.com\\\/fr\\\/\"},{\"@type\":\"ListItem\",\"position\":2,\"name\":\"Nous joindre\"}]},{\"@type\":\"WebSite\",\"@id\":\"https:\\\/\\\/www.echoaudiology.com\\\/fr\\\/#website\",\"url\":\"https:\\\/\\\/www.echoaudiology.com\\\/fr\\\/\",\"name\":\"Echo Audiology\",\"description\":\"Rediscover your hearing\",\"publisher\":{\"@id\":\"https:\\\/\\\/www.echoaudiology.com\\\/fr\\\/#organization\"},\"potentialAction\":[{\"@type\":\"SearchAction\",\"target\":{\"@type\":\"EntryPoint\",\"urlTemplate\":\"https:\\\/\\\/www.echoaudiology.com\\\/fr\\\/?s={search_term_string}\"},\"query-input\":{\"@type\":\"PropertyValueSpecification\",\"valueRequired\":true,\"valueName\":\"search_term_string\"}}],\"inLanguage\":\"fr-FR\"},{\"@type\":\"Organization\",\"@id\":\"https:\\\/\\\/www.echoaudiology.com\\\/fr\\\/#organization\",\"name\":\"Echo Audiology\",\"url\":\"https:\\\/\\\/www.echoaudiology.com\\\/fr\\\/\",\"logo\":{\"@type\":\"ImageObject\",\"inLanguage\":\"fr-FR\",\"@id\":\"https:\\\/\\\/www.echoaudiology.com\\\/fr\\\/#\\\/schema\\\/logo\\\/image\\\/\",\"url\":\"https:\\\/\\\/www.echoaudiology.com\\\/wp-content\\\/uploads\\\/2021\\\/08\\\/EchoAudio-Logo-1.png\",\"contentUrl\":\"https:\\\/\\\/www.echoaudiology.com\\\/wp-content\\\/uploads\\\/2021\\\/08\\\/EchoAudio-Logo-1.png\",\"width\":372,\"height\":88,\"caption\":\"Echo Audiology\"},\"image\":{\"@id\":\"https:\\\/\\\/www.echoaudiology.com\\\/fr\\\/#\\\/schema\\\/logo\\\/image\\\/\"}}]}<\/script>\n<!-- \/ Yoast SEO plugin. -->","yoast_head_json":{"title":"Contactez votre Audiologiste | Echo Audiology Montr\u00e9al","description":"Contactez votre audiologiste \u00e0 Montr\u00e9al chez Echo Audiology pour une \u00e9valuation auditive, des conseils personnalis\u00e9s et des soins professionnels.","robots":{"index":"index","follow":"follow","max-snippet":"max-snippet:-1","max-image-preview":"max-image-preview:large","max-video-preview":"max-video-preview:-1"},"canonical":"https:\/\/www.echoaudiology.com\/fr\/nous-joindre\/","schema":{"@context":"https:\/\/schema.org","@graph":[{"@type":"WebPage","@id":"https:\/\/www.echoaudiology.com\/fr\/nous-joindre\/","url":"https:\/\/www.echoaudiology.com\/fr\/nous-joindre\/","name":"Contactez votre Audiologiste | Echo Audiology Montr\u00e9al","isPartOf":{"@id":"https:\/\/www.echoaudiology.com\/fr\/#website"},"primaryImageOfPage":{"@id":"https:\/\/www.echoaudiology.com\/fr\/nous-joindre\/#primaryimage"},"image":{"@id":"https:\/\/www.echoaudiology.com\/fr\/nous-joindre\/#primaryimage"},"thumbnailUrl":"https:\/\/www.echoaudiology.com\/wp-content\/uploads\/2025\/10\/boy-1024x397.png","datePublished":"2021-09-01T11:17:56+00:00","dateModified":"2026-02-25T06:49:29+00:00","description":"Contactez votre audiologiste \u00e0 Montr\u00e9al chez Echo Audiology pour une \u00e9valuation auditive, des conseils personnalis\u00e9s et des soins professionnels.","breadcrumb":{"@id":"https:\/\/www.echoaudiology.com\/fr\/nous-joindre\/#breadcrumb"},"inLanguage":"fr-FR","potentialAction":[{"@type":"ReadAction","target":["https:\/\/www.echoaudiology.com\/fr\/nous-joindre\/"]}]},{"@type":"ImageObject","inLanguage":"fr-FR","@id":"https:\/\/www.echoaudiology.com\/fr\/nous-joindre\/#primaryimage","url":"https:\/\/www.echoaudiology.com\/wp-content\/uploads\/2025\/10\/boy-1024x397.png","contentUrl":"https:\/\/www.echoaudiology.com\/wp-content\/uploads\/2025\/10\/boy-1024x397.png"},{"@type":"BreadcrumbList","@id":"https:\/\/www.echoaudiology.com\/fr\/nous-joindre\/#breadcrumb","itemListElement":[{"@type":"ListItem","position":1,"name":"Home","item":"https:\/\/www.echoaudiology.com\/fr\/"},{"@type":"ListItem","position":2,"name":"Nous joindre"}]},{"@type":"WebSite","@id":"https:\/\/www.echoaudiology.com\/fr\/#website","url":"https:\/\/www.echoaudiology.com\/fr\/","name":"Echo Audiology","description":"Rediscover your hearing","publisher":{"@id":"https:\/\/www.echoaudiology.com\/fr\/#organization"},"potentialAction":[{"@type":"SearchAction","target":{"@type":"EntryPoint","urlTemplate":"https:\/\/www.echoaudiology.com\/fr\/?s={search_term_string}"},"query-input":{"@type":"PropertyValueSpecification","valueRequired":true,"valueName":"search_term_string"}}],"inLanguage":"fr-FR"},{"@type":"Organization","@id":"https:\/\/www.echoaudiology.com\/fr\/#organization","name":"Echo Audiology","url":"https:\/\/www.echoaudiology.com\/fr\/","logo":{"@type":"ImageObject","inLanguage":"fr-FR","@id":"https:\/\/www.echoaudiology.com\/fr\/#\/schema\/logo\/image\/","url":"https:\/\/www.echoaudiology.com\/wp-content\/uploads\/2021\/08\/EchoAudio-Logo-1.png","contentUrl":"https:\/\/www.echoaudiology.com\/wp-content\/uploads\/2021\/08\/EchoAudio-Logo-1.png","width":372,"height":88,"caption":"Echo Audiology"},"image":{"@id":"https:\/\/www.echoaudiology.com\/fr\/#\/schema\/logo\/image\/"}}]}},"_links":{"self":[{"href":"https:\/\/www.echoaudiology.com\/fr\/wp-json\/wp\/v2\/pages\/9451","targetHints":{"allow":["GET"]}}],"collection":[{"href":"https:\/\/www.echoaudiology.com\/fr\/wp-json\/wp\/v2\/pages"}],"about":[{"href":"https:\/\/www.echoaudiology.com\/fr\/wp-json\/wp\/v2\/types\/page"}],"author":[{"embeddable":true,"href":"https:\/\/www.echoaudiology.com\/fr\/wp-json\/wp\/v2\/users\/1"}],"replies":[{"embeddable":true,"href":"https:\/\/www.echoaudiology.com\/fr\/wp-json\/wp\/v2\/comments?post=9451"}],"version-history":[{"count":0,"href":"https:\/\/www.echoaudiology.com\/fr\/wp-json\/wp\/v2\/pages\/9451\/revisions"}],"wp:attachment":[{"href":"https:\/\/www.echoaudiology.com\/fr\/wp-json\/wp\/v2\/media?parent=9451"}],"curies":[{"name":"wp","href":"https:\/\/api.w.org\/{rel}","templated":true}]}}